{"id":16,"date":"2019-01-13T01:10:16","date_gmt":"2019-01-13T01:10:16","guid":{"rendered":"https:\/\/artisti-dobrogeni.ro\/home\/?page_id=16"},"modified":"2019-11-14T18:54:33","modified_gmt":"2019-11-14T16:54:33","slug":"asociatia-artisti-dobrogeni","status":"publish","type":"page","link":"https:\/\/artisti-dobrogeni.ro\/home\/asociatia-artisti-dobrogeni\/","title":{"rendered":"Asocia\u021bia Arti\u0219ti Dobrogeni"},"content":{"rendered":"\t\t<div data-elementor-type=\"wp-page\" data-elementor-id=\"16\" class=\"elementor elementor-16\" data-elementor-settings=\"[]\">\n\t\t\t<div class=\"elementor-inner\">\n\t\t\t\t<div class=\"elementor-section-wrap\">\n\t\t\t\t\t\t\t<section class=\"elementor-element elementor-element-7fcea248 elementor-section-boxed elementor-section-height-default elementor-section-height-default elementor-section elementor-top-section\" data-id=\"7fcea248\" data-element_type=\"section\">\n\t\t\t\t\t\t<div class=\"elementor-container elementor-column-gap-default\">\n\t\t\t\t<div class=\"elementor-row\">\n\t\t\t\t<div class=\"elementor-element elementor-element-44e1dc64 elementor-column elementor-col-100 elementor-top-column\" data-id=\"44e1dc64\" data-element_type=\"column\">\n\t\t\t<div class=\"elementor-column-wrap  elementor-element-populated\">\n\t\t\t\t\t<div class=\"elementor-widget-wrap\">\n\t\t\t\t<div class=\"elementor-element elementor-element-66860706 elementor-widget elementor-widget-text-editor\" data-id=\"66860706\" data-element_type=\"widget\" data-widget_type=\"text-editor.default\">\n\t\t\t\t<div class=\"elementor-widget-container\">\n\t\t\t\t\t<div class=\"elementor-text-editor elementor-clearfix\"><p><!-- wp:heading {\"level\":5} --><\/p>\n<h5><em> &#8220;Arta trebuie s\u0103 apropie, nu s\u0103 dep\u0103rteze, s\u0103 umple, nu s\u0103 sape pr\u0103p\u0103stii \u00een bietele noastre spirite \u0219i a\u0219a destul de r\u0103scolite de \u00eentreb\u0103ri. Nu uita niciodat\u0103 c\u0103 e\u0219ti artist. S\u0103 fi curajos, s\u0103 nu i\u021bi fie team\u0103 de nimic \u0219i vei ajunge la \u021bel.&#8221; &#8211; C Br\u00e2ncu\u0219i\u00a0 <\/em><\/h5>\n<p><!-- \/wp:heading --><!-- wp:image {\"id\":909,\"align\":\"center\"} --><\/p>\n<div class=\"wp-block-image\">\n<figure class=\"aligncenter\"><img decoding=\"async\" loading=\"lazy\" width=\"1024\" height=\"683\" class=\"wp-image-909\" src=\"https:\/\/artisti-dobrogeni.ro\/home\/wp-content\/uploads\/2019\/01\/poza-de-grup-2018-1024x683.jpg\" alt=\"\" srcset=\"https:\/\/artisti-dobrogeni.ro\/home\/wp-content\/uploads\/2019\/01\/poza-de-grup-2018-1024x683.jpg 1024w, https:\/\/artisti-dobrogeni.ro\/home\/wp-content\/uploads\/2019\/01\/poza-de-grup-2018-300x200.jpg 300w, https:\/\/artisti-dobrogeni.ro\/home\/wp-content\/uploads\/2019\/01\/poza-de-grup-2018-768x512.jpg 768w, https:\/\/artisti-dobrogeni.ro\/home\/wp-content\/uploads\/2019\/01\/poza-de-grup-2018-1920x1280.jpg 1920w, https:\/\/artisti-dobrogeni.ro\/home\/wp-content\/uploads\/2019\/01\/poza-de-grup-2018-1680x1120.jpg 1680w, https:\/\/artisti-dobrogeni.ro\/home\/wp-content\/uploads\/2019\/01\/poza-de-grup-2018-1240x827.jpg 1240w, https:\/\/artisti-dobrogeni.ro\/home\/wp-content\/uploads\/2019\/01\/poza-de-grup-2018-860x573.jpg 860w, https:\/\/artisti-dobrogeni.ro\/home\/wp-content\/uploads\/2019\/01\/poza-de-grup-2018-680x453.jpg 680w, https:\/\/artisti-dobrogeni.ro\/home\/wp-content\/uploads\/2019\/01\/poza-de-grup-2018-500x333.jpg 500w, https:\/\/artisti-dobrogeni.ro\/home\/wp-content\/uploads\/2019\/01\/poza-de-grup-2018-400x267.jpg 400w, https:\/\/artisti-dobrogeni.ro\/home\/wp-content\/uploads\/2019\/01\/poza-de-grup-2018-250x167.jpg 250w, https:\/\/artisti-dobrogeni.ro\/home\/wp-content\/uploads\/2019\/01\/poza-de-grup-2018-200x133.jpg 200w, https:\/\/artisti-dobrogeni.ro\/home\/wp-content\/uploads\/2019\/01\/poza-de-grup-2018-100x67.jpg 100w, https:\/\/artisti-dobrogeni.ro\/home\/wp-content\/uploads\/2019\/01\/poza-de-grup-2018-76x51.jpg 76w, https:\/\/artisti-dobrogeni.ro\/home\/wp-content\/uploads\/2019\/01\/poza-de-grup-2018-50x33.jpg 50w\" sizes=\"(max-width: 1024px) 100vw, 1024px\" \/><\/figure>\n<\/div>\n<p><!-- \/wp:image --><!-- wp:paragraph --><\/p>\n<p><em>\u00a0 \u00a0 \u00a0 \u00a0 Avem nevoie de cultur\u0103 deoarece aceasta dezvolta inteligenta \u015fi creativitatea ceea ce duce la dezvoltarea societ\u0103\u021bii. Arta, poezia, muzica si proza ne \u00eenva\u021b\u0103 cum sa devenim mai buni in societate, mai respectuo\u0219i, mai \u00een\u021beleg\u0103tori. Este nevoie sa facem cunoscuta publicului activitatea creatorilor de arta, poezie, muzic\u0103 si proza pentru o mai buna \u00een\u021belegere a procesului de creativitate si o mai mare implicare in viata culturala.<\/em><\/p>\n<p><em>\u00a0<\/em><\/p>\n<p><em>\u00a0<\/em><\/p>\n<p><!-- \/wp:paragraph --><!-- wp:image {\"id\":1555} --><\/p>\n<figure class=\"wp-block-image\"><img decoding=\"async\" loading=\"lazy\" class=\"aligncenter wp-image-1555\" src=\"https:\/\/artisti-dobrogeni.ro\/home\/wp-content\/uploads\/2019\/03\/imn-724x1024.png\" alt=\"\" width=\"500\" height=\"707\" data-wp-editing=\"1\" \/><\/figure>\n<p><!-- \/wp:image --><!-- wp:paragraph --><\/p>\n<p>\u00a0 \u00a0 \u00a0 \u00a0 Pre\u015fedintele fondator al Asocia\u0163iei ARTI\u015eTI DOBROGENI, Mirela Iuliana Turtoi, cu pseudonim de artist MIRA, a facilitat pentru arti\u015ftii dobrogeni posibilitatea de a-\u015fi expune tablourile \u00eentr-un nou spa\u0163iu, amenajat din surse proprii cu simeze pe pere\u0163i \u015fi sisteme de prindere ale tablourilor pe coloane, \u00een sala mare de la intrarea Bibliotecii Jude\u0163ene Constan\u0163a. Inaugurarea noului spa\u0163iu s-a facut cu prima expozitie de grup a asocia\u0163iei ARTI\u015eTI DOBROGENI pe data de 6 mai 2016, ora 18, acesta putand fi folosit atat de artistii din asociatie, cat si de artisti din afara asociatiei, cu acordul directoarei bibliotecii, d-na Corina Mihaela Apostoleanu, care a aratat deschidere catre aceasta initiativa<\/p>\n<p><!-- \/wp:paragraph --><!-- wp:paragraph --><\/p>\n<p>\u00a0 \u00a0 \u00a0 \u00a0 Asociatia Artisti Dobrogeni promoveaza:arte plastice \u015fi vizuale, muzicieni, scriitori, poe\u0163i, sculptori, designeri, fotografi, balerini, dansatori, actori.<\/p>\n<p><!-- \/wp:paragraph --><!-- wp:paragraph --><\/p>\n<p>\u00a0 \u00a0 \u00a0 \u00a0 Ac\u0163ion\u00e2nd ca o echip\u0103 multicultural\u0103, Asocia\u021bia Arti\u0219ti Dobrogeni une\u0219te artele vizuale, poezia, proza \u0219i muzica, dezvolt\u00e2nd \u0219i transmi\u0163\u00e2nd genera\u0163iei tinere sentimentul de apartenen\u0163\u0103 la o identitate cultural\u0103.<\/p>\n<p>\u00a0 \u00a0 \u00a0 \u00a0 Infiintarea Asociatiei \u201cArtisti Dobrogeni\u201d in anul 2015 a venit ca o etapa fireasca a motivatiei unui grup de artisti, din dorinta de a promova actul cultural sub toate formele de manifestare culturala, dar in mod special meleagurile si traditiile etniilor dobrogene in contextul multiethnic dobrogean. Avem o experienta de grup in viata culturala dobrogeana din anul 2012, de cand am organizat impreuna multiple expoztii de grup, sesiuni de creatie, cu arta plastica, muzica, poezie si proza finalizate cu albume de arta si poezie.<\/p>\n<p>\u00a0<\/p>\n<p><!-- \/wp:paragraph --><!-- wp:paragraph --><\/p>\n<p><!-- \/wp:paragraph --><!-- wp:paragraph --><\/p>\n<p>\u00a0 \u00a0 \u00a0 \u00a0 In dinamica vietii cotidiene, nu trebuie sa uitam faptul ca si mintea umana are nevoie de hrana spirituala, fara de care trupul se ofileste si moare. Sa ne dam ragaz in fuga noastra cotidiana, sa ne detasam de probleme si sa ne transpunem mental in povestea pe care creatorul de arta plastica incearca sa o transmita pe panza sau in sensibilitatea acordurilor muzicale transpuse pe portative de cantautori, pentru hrana sufletului si a spiritului, pentru ca apoi sa ne intoarcem mai incarcati de energia de care avem nevoie ca sa mergem mai departe.<\/p>\n<p>\u00a0<\/p>\n<p><!-- \/wp:paragraph --><!-- wp:heading --><\/p>\n<h2>Conditii de inscriere in asociatie<\/h2>\n<p><!-- \/wp:heading --><!-- wp:paragraph --><\/p>\n<p>\u00a0 \u00a0 \u00a0 \u00a0 Pe email <a href=\"mailto:mirelaturtoi@yahoo.com\">mirelaturtoi@yahoo.com<\/a> se trimit 10 lucrari reprezentative ale artistului care intentioneaza sa se inscrie in asociatie, de preferat cu Romania, din Dobrogea sau altele neutre, care vor fi analizate de o comisie de evaluare. Acceptul va fi formularul cu cererea de inscriere ca raspuns, insotita de conditiile de inscriere<\/p>\n<p>\u00a0<\/p>\n<p><!-- \/wp:paragraph --><!-- wp:paragraph --><\/p>\n<h2>\u00a0Membrii fondatori ai asocia\u021biei<\/h2>\n<p>&#8211; Mirela Iuliana Turtoi &#8211; Pre\u0219edinte fondator<\/p>\n<p>&#8211; Marian Vintil\u0103 &#8211; Director departament arte plastice<\/p>\n<p>&#8211; Cornelia Go\u0219iu &#8211; Specialist \u00een strategii de marketing<\/p>\n<p>&#8211; Gabriela Dobre &#8211; Director Departament Muzic\u0103\u00a0<\/p>\n<p>&#8211; Enache Tu\u0219a &#8211; Specialist media \u0219i publicitate<\/p>\n<p><!-- \/wp:paragraph --><\/p><\/div>\n\t\t\t\t<\/div>\n\t\t\t\t<\/div>\n\t\t\t\t\t\t<\/div>\n\t\t\t<\/div>\n\t\t<\/div>\n\t\t\t\t\t\t<\/div>\n\t\t\t<\/div>\n\t\t<\/section>\n\t\t\t\t\t\t<\/div>\n\t\t\t<\/div>\n\t\t<\/div>\n\t\t","protected":false},"excerpt":{"rendered":"<p>&#8220;Arta trebuie s\u0103 apropie, nu s\u0103 dep\u0103rteze, s\u0103 umple, nu s\u0103 sape pr\u0103p\u0103stii \u00een bietele noastre spirite \u0219i a\u0219a destul de r\u0103scolite de \u00eentreb\u0103ri. Nu uita niciodat\u0103 c\u0103 e\u0219ti artist. S\u0103 fi curajos, s\u0103 nu i\u021bi fie team\u0103 de nimic \u0219i vei ajunge la \u021bel.&#8221; &#8211; C Br\u00e2ncu\u0219i\u00a0 \u00a0 \u00a0 \u00a0 \u00a0 Avem nevoie de cultur\u0103 deoarece aceasta dezvolta inteligenta \u015fi creativitatea ceea ce duce la dezvoltarea societ\u0103\u021bii. Arta, poezia, muzica si proza ne \u00eenva\u021b\u0103 cum sa devenim mai buni in societate, mai respectuo\u0219i, mai \u00een\u021beleg\u0103tori. Este nevoie sa facem cunoscuta publicului activitatea creatorilor de arta, poezie, muzic\u0103 si proza [&hellip;]<\/p>\n","protected":false},"author":1,"featured_media":0,"parent":0,"menu_order":0,"comment_status":"closed","ping_status":"closed","template":"","meta":[],"_links":{"self":[{"href":"https:\/\/artisti-dobrogeni.ro\/home\/wp-json\/wp\/v2\/pages\/16"}],"collection":[{"href":"https:\/\/artisti-dobrogeni.ro\/home\/wp-json\/wp\/v2\/pages"}],"about":[{"href":"https:\/\/artisti-dobrogeni.ro\/home\/wp-json\/wp\/v2\/types\/page"}],"author":[{"embeddable":true,"href":"https:\/\/artisti-dobrogeni.ro\/home\/wp-json\/wp\/v2\/users\/1"}],"replies":[{"embeddable":true,"href":"https:\/\/artisti-dobrogeni.ro\/home\/wp-json\/wp\/v2\/comments?post=16"}],"version-history":[{"count":31,"href":"https:\/\/artisti-dobrogeni.ro\/home\/wp-json\/wp\/v2\/pages\/16\/revisions"}],"predecessor-version":[{"id":1967,"href":"https:\/\/artisti-dobrogeni.ro\/home\/wp-json\/wp\/v2\/pages\/16\/revisions\/1967"}],"wp:attachment":[{"href":"https:\/\/artisti-dobrogeni.ro\/home\/wp-json\/wp\/v2\/media?parent=16"}],"curies":[{"name":"wp","href":"https:\/\/api.w.org\/{rel}","templated":true}]}}